{"id":42,"date":"2022-01-26T13:14:35","date_gmt":"2022-01-26T12:14:35","guid":{"rendered":"https:\/\/rsai.it\/?page_id=42"},"modified":"2022-03-15T16:58:46","modified_gmt":"2022-03-15T15:58:46","slug":"il-comitato-tecnico-scientifico-del-progetto-rsai","status":"publish","type":"page","link":"https:\/\/rsai.it\/index.php\/il-comitato-tecnico-scientifico-del-progetto-rsai\/","title":{"rendered":"IL COMITATO TECNICO SCIENTIFICO DEL PROGETTO RSAI"},"content":{"rendered":"\n<p>ISPRA e Confindustria hanno condiviso sin dall\u2019inizio, oltre ai criteri ispiratori del progetto, una struttura di governo su due livelli: un gruppo misto ISPRA e Confindustria per lo svolgimento delle attivit\u00e0 del progetto e la realizzazione del Rapporto RSAI2021 e un Comitato Tecnico Scientifico (CTS) con funzioni di consultazione e di indirizzo.<br>Il CTS \u00e8 pensato con il classico ruolo di \u201csteering committee\u201d ovvero un gruppo di esperti che pu\u00f2 supportare il progetto nella definizione delle strategie e supervisionarne le attivit\u00e0, per proporre la direzione migliore per il progetto e monitorarne il percorso.<\/p>\n\n\n\n<p><\/p>\n\n\n\n<p>La partecipazione al CTS \u00e8 a titolo gratuito come tutta l\u2019iniziativa RSAI <\/p>\n\n\n\n<p>Attualmente il <strong>CTS \u00e8 costituito da 15 componenti<\/strong>: <\/p>\n\n\n\n<p>Fabiola Riccardini e Alessandro Faramondi, di ISTAT, <\/p>\n\n\n\n<p>Claudia Brunori e Giacomo Pallante di ENEA, <\/p>\n\n\n\n<p>Massimiliano Mazzanti ed Emy Zecca dell\u2019Universit\u00e0 di Ferrara, <\/p>\n\n\n\n<p>Gianluca Caracciolo e Giulia Martino di LEXACTA, <\/p>\n\n\n\n<p>Giulio Loiacono di ASVIS, <\/p>\n\n\n\n<p>Alessandro Casula e Mario Motta del&nbsp; Politecnico Milano, <\/p>\n\n\n\n<p>Livio Romano e Alessandro Fontana del Centro Studi Confindustria, <\/p>\n\n\n\n<p>Maria Teresa Cazzaniga di ARPA Lombardia, <\/p>\n\n\n\n<p>Stefano Maggiolo di ARPA Liguria. <\/p>\n\n\n\n<p>Angelo Salsi della European Climate, Infrastructure and Environment Executive Agency (CINEA) <\/p>\n\n\n\n<p><\/p>\n\n\n\n<p>Il CTS si \u00e8 riunito <strong>3 volte nel corso del 2021<\/strong><\/p>\n","protected":false},"excerpt":{"rendered":"<p>ISPRA e Confindustria hanno condiviso sin dall\u2019inizio, oltre ai criteri ispiratori del progetto, una struttura di governo su due livelli: un gruppo misto ISPRA e Confindustria per lo svolgimento delle attivit\u00e0 del progetto e la realizzazione del Rapporto RSAI2021 e un Comitato Tecnico Scientifico (CTS) con funzioni di consultazione e di indirizzo.Il CTS \u00e8 pensato con il classico ruolo di \u201csteering committee\u201d ovvero un gruppo di esperti che pu\u00f2 supportare il progetto nella definizione delle strategie e supervisionarne le attivit\u00e0, per proporre la direzione migliore per il progetto e monitorarne il percorso. La partecipazione al CTS \u00e8 a titolo gratuito come tutta l\u2019iniziativa RSAI Attualmente il CTS \u00e8 costituito da 15 componenti: Fabiola Riccardini e Alessandro Faramondi, di ISTAT, Claudia Brunori e Giacomo Pallante di ENEA, Massimiliano Mazzanti ed Emy Zecca dell\u2019Universit\u00e0 di Ferrara, Gianluca Caracciolo e Giulia Martino di LEXACTA, Giulio Loiacono di ASVIS, Alessandro Casula e Mario Motta del&nbsp; Politecnico Milano, Livio Romano e Alessandro Fontana del Centro Studi Confindustria, Maria Teresa Cazzaniga di ARPA Lombardia, Stefano Maggiolo di ARPA Liguria. Angelo Salsi della European Climate, Infrastructure and Environment Executive Agency (CINEA) Il CTS si \u00e8 riunito 3 volte nel corso del 2021<\/p>\n","protected":false},"author":1,"featured_media":0,"parent":0,"menu_order":0,"comment_status":"closed","ping_status":"closed","template":"","meta":{"footnotes":""},"class_list":["post-42","page","type-page","status-publish","hentry"],"_links":{"self":[{"href":"https:\/\/rsai.it\/index.php\/wp-json\/wp\/v2\/pages\/42","targetHints":{"allow":["GET"]}}],"collection":[{"href":"https:\/\/rsai.it\/index.php\/wp-json\/wp\/v2\/pages"}],"about":[{"href":"https:\/\/rsai.it\/index.php\/wp-json\/wp\/v2\/types\/page"}],"author":[{"embeddable":true,"href":"https:\/\/rsai.it\/index.php\/wp-json\/wp\/v2\/users\/1"}],"replies":[{"embeddable":true,"href":"https:\/\/rsai.it\/index.php\/wp-json\/wp\/v2\/comments?post=42"}],"version-history":[{"count":4,"href":"https:\/\/rsai.it\/index.php\/wp-json\/wp\/v2\/pages\/42\/revisions"}],"predecessor-version":[{"id":133,"href":"https:\/\/rsai.it\/index.php\/wp-json\/wp\/v2\/pages\/42\/revisions\/133"}],"wp:attachment":[{"href":"https:\/\/rsai.it\/index.php\/wp-json\/wp\/v2\/media?parent=42"}],"curies":[{"name":"wp","href":"https:\/\/api.w.org\/{rel}","templated":true}]}}